{"id":751,"date":"2026-05-12T18:46:54","date_gmt":"2026-05-12T18:46:54","guid":{"rendered":"https:\/\/www.patechsmart.com.tr\/?page_id=751"},"modified":"2026-05-12T21:26:57","modified_gmt":"2026-05-12T21:26:57","slug":"akilli-sensorler","status":"publish","type":"page","link":"https:\/\/www.patechsmart.com.tr\/?page_id=751","title":{"rendered":"Ak\u0131ll\u0131 Sens\u00f6rler"},"content":{"rendered":"\n\n","protected":false},"excerpt":{"rendered":"","protected":false},"author":1,"featured_media":0,"parent":0,"menu_order":0,"comment_status":"closed","ping_status":"closed","template":"","meta":{"saved_in_kubio":true,"footnotes":""},"class_list":["post-751","page","type-page","status-publish","hentry"],"kubio_ai_page_context":{"short_desc":"","purpose":"general"},"_links":{"self":[{"href":"https:\/\/www.patechsmart.com.tr\/index.php?rest_route=\/wp\/v2\/pages\/751","targetHints":{"allow":["GET"]}}],"collection":[{"href":"https:\/\/www.patechsmart.com.tr\/index.php?rest_route=\/wp\/v2\/pages"}],"about":[{"href":"https:\/\/www.patechsmart.com.tr\/index.php?rest_route=\/wp\/v2\/types\/page"}],"author":[{"embeddable":true,"href":"https:\/\/www.patechsmart.com.tr\/index.php?rest_route=\/wp\/v2\/users\/1"}],"replies":[{"embeddable":true,"href":"https:\/\/www.patechsmart.com.tr\/index.php?rest_route=%2Fwp%2Fv2%2Fcomments&post=751"}],"version-history":[{"count":3,"href":"https:\/\/www.patechsmart.com.tr\/index.php?rest_route=\/wp\/v2\/pages\/751\/revisions"}],"predecessor-version":[{"id":816,"href":"https:\/\/www.patechsmart.com.tr\/index.php?rest_route=\/wp\/v2\/pages\/751\/revisions\/816"}],"wp:attachment":[{"href":"https:\/\/www.patechsmart.com.tr\/index.php?rest_route=%2Fwp%2Fv2%2Fmedia&parent=751"}],"curies":[{"name":"wp","href":"https:\/\/api.w.org\/{rel}","templated":true}]}}